{"id":4241,"date":"2024-09-20T11:15:04","date_gmt":"2024-09-20T09:15:04","guid":{"rendered":"https:\/\/ocemflorence.com\/chi-siamo\/"},"modified":"2025-05-21T14:00:53","modified_gmt":"2025-05-21T12:00:53","slug":"chi-siamo","status":"publish","type":"page","link":"https:\/\/ocemflorence.com\/it\/chi-siamo\/","title":{"rendered":"Chi siamo"},"content":{"rendered":"\t\t<div data-elementor-type=\"wp-page\" data-elementor-id=\"4241\" class=\"elementor elementor-4241 elementor-32\" data-elementor-post-type=\"page\">\n\t\t\t\t<div data-dce-background-overlay-color=\"#00000099\" data-dce-background-image-url=\"http:\/\/ocemflorence.com\/wp-content\/uploads\/2024\/11\/header-chi-siamo.jpg\" class=\"elementor-element elementor-element-8a4ae1e e-flex e-con-boxed e-con e-parent\" data-id=\"8a4ae1e\" data-element_type=\"container\" data-settings=\"{&quot;background_background&quot;:&quot;classic&quot;}\">\n\t\t\t\t\t<div class=\"e-con-inner\">\n\t\t\t\t<div class=\"elementor-element elementor-element-3b01cd1 elementor-widget__width-initial elementor-widget elementor-widget-heading\" data-id=\"3b01cd1\" data-element_type=\"widget\" data-widget_type=\"heading.default\">\n\t\t\t\t<div class=\"elementor-widget-container\">\n\t\t\t\t\t<h1 class=\"elementor-heading-title elementor-size-default\">Chi siamo<\/h1>\t\t\t\t<\/div>\n\t\t\t\t<\/div>\n\t\t\t\t<div class=\"elementor-element elementor-element-f28a348 elementor-widget__width-initial elementor-widget-tablet__width-initial elementor-widget elementor-widget-heading\" data-id=\"f28a348\" data-element_type=\"widget\" data-widget_type=\"heading.default\">\n\t\t\t\t<div class=\"elementor-widget-container\">\n\t\t\t\t\t<p class=\"elementor-heading-title elementor-size-default\">Organizzazione, competenze e capacit\u00e0 di gestire progetti industriali complessi<\/p>\t\t\t\t<\/div>\n\t\t\t\t<\/div>\n\t\t\t\t<div class=\"elementor-element elementor-element-c92478c elementor-widget__width-initial elementor-widget-tablet__width-initial elementor-widget elementor-widget-heading\" data-id=\"c92478c\" data-element_type=\"widget\" data-widget_type=\"heading.default\">\n\t\t\t\t<div class=\"elementor-widget-container\">\n\t\t\t\t\t<p class=\"elementor-heading-title elementor-size-default\">Qualit\u00e0 italiana, mercato globale<\/p>\t\t\t\t<\/div>\n\t\t\t\t<\/div>\n\t\t\t\t\t<\/div>\n\t\t\t\t<\/div>\n\t\t<div class=\"elementor-element elementor-element-63902f5 e-flex e-con-boxed e-con e-parent\" data-id=\"63902f5\" data-element_type=\"container\">\n\t\t\t\t\t<div class=\"e-con-inner\">\n\t\t\t\t<div data-dce-advanced-background-color=\"#F5333F1F\" class=\"elementor-element elementor-element-b3f51fc elementor-widget-tablet__width-initial dce_masking-none elementor-widget elementor-widget-image\" data-id=\"b3f51fc\" data-element_type=\"widget\" data-widget_type=\"image.default\">\n\t\t\t\t<div class=\"elementor-widget-container\">\n\t\t\t\t\t\t\t\t\t\t\t\t\t\t\t<img loading=\"lazy\" decoding=\"async\" width=\"1200\" height=\"900\" src=\"https:\/\/ocemflorence.com\/wp-content\/uploads\/2024\/11\/corporate-chi-siamo.jpg\" class=\"attachment-full size-full wp-image-1282\" alt=\"\" srcset=\"https:\/\/ocemflorence.com\/wp-content\/uploads\/2024\/11\/corporate-chi-siamo.jpg 1200w, https:\/\/ocemflorence.com\/wp-content\/uploads\/2024\/11\/corporate-chi-siamo-300x225.jpg 300w, https:\/\/ocemflorence.com\/wp-content\/uploads\/2024\/11\/corporate-chi-siamo-1024x768.jpg 1024w, https:\/\/ocemflorence.com\/wp-content\/uploads\/2024\/11\/corporate-chi-siamo-768x576.jpg 768w\" sizes=\"auto, (max-width: 1200px) 100vw, 1200px\" \/>\t\t\t\t\t\t\t\t\t\t\t\t\t\t\t<\/div>\n\t\t\t\t<\/div>\n\t\t<div class=\"elementor-element elementor-element-c12be01 e-con-full e-flex e-con e-child\" data-id=\"c12be01\" data-element_type=\"container\">\n\t\t\t\t<div class=\"elementor-element elementor-element-b7e86e9 elementor-widget elementor-widget-heading\" data-id=\"b7e86e9\" data-element_type=\"widget\" data-widget_type=\"heading.default\">\n\t\t\t\t<div class=\"elementor-widget-container\">\n\t\t\t\t\t<p class=\"elementor-heading-title elementor-size-default\">Fornitori esperti e referenziati di impianti di produzione e presse complete per mattonelle in agglomerato di cemento<\/p>\t\t\t\t<\/div>\n\t\t\t\t<\/div>\n\t\t\t\t<div class=\"elementor-element elementor-element-c6c183d elementor-widget elementor-widget-text-editor\" data-id=\"c6c183d\" data-element_type=\"widget\" data-widget_type=\"text-editor.default\">\n\t\t\t\t<div class=\"elementor-widget-container\">\n\t\t\t\t\t\t\t\t\tLe presse e le tecnologie di finitura di OCEM sono presenti e operative in tutto il mondo presso i pi\u00f9 importanti clienti internazionali di prodotti in agglomerato di cemento. Grazie ai continui sforzi di ricerca e sviluppo, l&#8217;azienda \u00e8 oggi riconosciuta a livello internazionale come il fornitore leader, pi\u00f9 esperto e referenziato di presse ermetiche a doppio strato, presse monostrato e impianti completi di produzione e finitura per piastrelle, pavimenti e lastre in agglomerato di cemento. \t\t\t\t\t\t\t\t<\/div>\n\t\t\t\t<\/div>\n\t\t\t\t<div class=\"elementor-element elementor-element-05672b9 elementor-widget elementor-widget-button\" data-id=\"05672b9\" data-element_type=\"widget\" data-widget_type=\"button.default\">\n\t\t\t\t<div class=\"elementor-widget-container\">\n\t\t\t\t\t\t\t\t\t<div class=\"elementor-button-wrapper\">\n\t\t\t\t\t<a class=\"elementor-button elementor-button-link elementor-size-sm\" href=\"https:\/\/ocemflorence.com\/it\/investimento-settore-produzione-lastre-cemento\/\">\n\t\t\t\t\t\t<span class=\"elementor-button-content-wrapper\">\n\t\t\t\t\t\t\t\t\t<span class=\"elementor-button-text\">perch\u00e9 investire in questo mercato?<\/span>\n\t\t\t\t\t<\/span>\n\t\t\t\t\t<\/a>\n\t\t\t\t<\/div>\n\t\t\t\t\t\t\t\t<\/div>\n\t\t\t\t<\/div>\n\t\t\t\t<\/div>\n\t\t\t\t\t<\/div>\n\t\t\t\t<\/div>\n\t\t<div class=\"elementor-element elementor-element-370d87d e-flex e-con-boxed e-con e-parent\" data-id=\"370d87d\" data-element_type=\"container\">\n\t\t\t\t\t<div class=\"e-con-inner\">\n\t\t<div class=\"elementor-element elementor-element-139d0a1 e-con-full e-flex e-con e-child\" data-id=\"139d0a1\" data-element_type=\"container\" data-settings=\"{&quot;background_background&quot;:&quot;classic&quot;}\">\n\t\t<div class=\"elementor-element elementor-element-f64d1e9 e-con-full e-flex e-con e-child\" data-id=\"f64d1e9\" data-element_type=\"container\">\n\t\t\t\t<div class=\"elementor-element elementor-element-c774914 elementor-widget elementor-widget-text-editor\" data-id=\"c774914\" data-element_type=\"widget\" data-widget_type=\"text-editor.default\">\n\t\t\t\t<div class=\"elementor-widget-container\">\n\t\t\t\t\t\t\t\t\t<p>Lo staff di OCEM \u00e8 supportato da un&#8217;importante rete di agenti, collaboratori e tecnici che operano in vari paesi del mondo, fornendo servizi pre e post vendita a tutti i clienti, sia nazionali che internazionali.<\/p>\t\t\t\t\t\t\t\t<\/div>\n\t\t\t\t<\/div>\n\t\t\t\t<div class=\"elementor-element elementor-element-a0b8d7b elementor-widget elementor-widget-text-editor\" data-id=\"a0b8d7b\" data-element_type=\"widget\" data-widget_type=\"text-editor.default\">\n\t\t\t\t<div class=\"elementor-widget-container\">\n\t\t\t\t\t\t\t\t\t<p>il nostro personale \u00e8<br>CMSE\u00ae &#8211; Certified Machinery Safety Expert<br><a href=\"http:\/\/www.cmse.com\/\">www.cmse.com<\/a><\/p>\t\t\t\t\t\t\t\t<\/div>\n\t\t\t\t<\/div>\n\t\t\t\t<\/div>\n\t\t\t\t<div class=\"elementor-element elementor-element-6e9c4c2 dce_masking-none elementor-widget elementor-widget-image\" data-id=\"6e9c4c2\" data-element_type=\"widget\" data-widget_type=\"image.default\">\n\t\t\t\t<div class=\"elementor-widget-container\">\n\t\t\t\t\t\t\t\t\t\t\t\t\t\t\t<img loading=\"lazy\" decoding=\"async\" width=\"300\" height=\"254\" src=\"https:\/\/ocemflorence.com\/wp-content\/uploads\/2024\/11\/CMSE-Certificate.png\" class=\"attachment-large size-large wp-image-1202\" alt=\"\" \/>\t\t\t\t\t\t\t\t\t\t\t\t\t\t\t<\/div>\n\t\t\t\t<\/div>\n\t\t\t\t<\/div>\n\t\t\t\t\t<\/div>\n\t\t\t\t<\/div>\n\t\t<div class=\"elementor-element elementor-element-6e6defe e-flex e-con-boxed e-con e-parent\" data-id=\"6e6defe\" data-element_type=\"container\">\n\t\t\t\t\t<div class=\"e-con-inner\">\n\t\t<div class=\"elementor-element elementor-element-3ec5784 e-con-full e-flex e-con e-child\" data-id=\"3ec5784\" data-element_type=\"container\">\n\t\t\t\t<div class=\"elementor-element elementor-element-de8cc8b dce_masking-none elementor-widget elementor-widget-image\" data-id=\"de8cc8b\" data-element_type=\"widget\" data-widget_type=\"image.default\">\n\t\t\t\t<div class=\"elementor-widget-container\">\n\t\t\t\t\t\t\t\t\t\t\t\t\t\t\t<img loading=\"lazy\" decoding=\"async\" width=\"300\" height=\"300\" src=\"https:\/\/ocemflorence.com\/wp-content\/uploads\/2024\/11\/presse-installate.svg\" class=\"attachment-full size-full wp-image-1153\" alt=\"\" \/>\t\t\t\t\t\t\t\t\t\t\t\t\t\t\t<\/div>\n\t\t\t\t<\/div>\n\t\t\t\t<div class=\"elementor-element elementor-element-67dd753 elementor-widget elementor-widget-counter\" data-id=\"67dd753\" data-element_type=\"widget\" data-widget_type=\"counter.default\">\n\t\t\t\t<div class=\"elementor-widget-container\">\n\t\t\t\t\t\t\t<div class=\"elementor-counter\">\n\t\t\t<div class=\"elementor-counter-title\">Presse installate in tutto il mondo<\/div>\t\t\t<div class=\"elementor-counter-number-wrapper\">\n\t\t\t\t<span class=\"elementor-counter-number-prefix\"><\/span>\n\t\t\t\t<span class=\"elementor-counter-number\" data-duration=\"2000\" data-to-value=\"3000\" data-from-value=\"0\" data-delimiter=\".\">0<\/span>\n\t\t\t\t<span class=\"elementor-counter-number-suffix\">+<\/span>\n\t\t\t<\/div>\n\t\t<\/div>\n\t\t\t\t\t\t<\/div>\n\t\t\t\t<\/div>\n\t\t\t\t<div class=\"elementor-element elementor-element-9cedfc6 elementor-widget elementor-widget-text-editor\" data-id=\"9cedfc6\" data-element_type=\"widget\" data-widget_type=\"text-editor.default\">\n\t\t\t\t<div class=\"elementor-widget-container\">\n\t\t\t\t\t\t\t\t\tDal 1953 progettiamo e realizziamo presse per la produzione di piastrelle in cemento, installandole in tutto il mondo.\n\n\t\t\t\t\t\t\t\t<\/div>\n\t\t\t\t<\/div>\n\t\t\t\t<\/div>\n\t\t<div class=\"elementor-element elementor-element-7b56a4e e-con-full e-flex e-con e-child\" data-id=\"7b56a4e\" data-element_type=\"container\">\n\t\t\t\t<div class=\"elementor-element elementor-element-5ad81e7 dce_masking-none elementor-widget elementor-widget-image\" data-id=\"5ad81e7\" data-element_type=\"widget\" data-widget_type=\"image.default\">\n\t\t\t\t<div class=\"elementor-widget-container\">\n\t\t\t\t\t\t\t\t\t\t\t\t\t\t\t<img loading=\"lazy\" decoding=\"async\" width=\"300\" height=\"300\" src=\"https:\/\/ocemflorence.com\/wp-content\/uploads\/2024\/11\/siti-produttivi.svg\" class=\"attachment-full size-full wp-image-1152\" alt=\"\" \/>\t\t\t\t\t\t\t\t\t\t\t\t\t\t\t<\/div>\n\t\t\t\t<\/div>\n\t\t\t\t<div class=\"elementor-element elementor-element-511d42e elementor-widget elementor-widget-counter\" data-id=\"511d42e\" data-element_type=\"widget\" data-widget_type=\"counter.default\">\n\t\t\t\t<div class=\"elementor-widget-container\">\n\t\t\t\t\t\t\t<div class=\"elementor-counter\">\n\t\t\t<div class=\"elementor-counter-title\">Mq su due siti produttivi<\/div>\t\t\t<div class=\"elementor-counter-number-wrapper\">\n\t\t\t\t<span class=\"elementor-counter-number-prefix\"><\/span>\n\t\t\t\t<span class=\"elementor-counter-number\" data-duration=\"2000\" data-to-value=\"8000\" data-from-value=\"0\" data-delimiter=\".\">0<\/span>\n\t\t\t\t<span class=\"elementor-counter-number-suffix\"><\/span>\n\t\t\t<\/div>\n\t\t<\/div>\n\t\t\t\t\t\t<\/div>\n\t\t\t\t<\/div>\n\t\t\t\t<div class=\"elementor-element elementor-element-575170b elementor-widget elementor-widget-text-editor\" data-id=\"575170b\" data-element_type=\"widget\" data-widget_type=\"text-editor.default\">\n\t\t\t\t<div class=\"elementor-widget-container\">\n\t\t\t\t\t\t\t\t\tDue siti produttivi con 8.000 m\u00b2 di superficie coperta dedicati alla produzione e al collaudo di presse e impianti.\n\n\t\t\t\t\t\t\t\t<\/div>\n\t\t\t\t<\/div>\n\t\t\t\t<\/div>\n\t\t<div class=\"elementor-element elementor-element-d6a473f e-con-full e-flex e-con e-child\" data-id=\"d6a473f\" data-element_type=\"container\">\n\t\t\t\t<div class=\"elementor-element elementor-element-5767a1f dce_masking-none elementor-widget elementor-widget-image\" data-id=\"5767a1f\" data-element_type=\"widget\" data-widget_type=\"image.default\">\n\t\t\t\t<div class=\"elementor-widget-container\">\n\t\t\t\t\t\t\t\t\t\t\t\t\t\t\t<img loading=\"lazy\" decoding=\"async\" width=\"300\" height=\"300\" src=\"https:\/\/ocemflorence.com\/wp-content\/uploads\/2024\/11\/collaboratori.svg\" class=\"attachment-full size-full wp-image-1151\" alt=\"\" \/>\t\t\t\t\t\t\t\t\t\t\t\t\t\t\t<\/div>\n\t\t\t\t<\/div>\n\t\t\t\t<div class=\"elementor-element elementor-element-a322ca4 elementor-widget elementor-widget-counter\" data-id=\"a322ca4\" data-element_type=\"widget\" data-widget_type=\"counter.default\">\n\t\t\t\t<div class=\"elementor-widget-container\">\n\t\t\t\t\t\t\t<div class=\"elementor-counter\">\n\t\t\t<div class=\"elementor-counter-title\">Persone impiegate<\/div>\t\t\t<div class=\"elementor-counter-number-wrapper\">\n\t\t\t\t<span class=\"elementor-counter-number-prefix\"><\/span>\n\t\t\t\t<span class=\"elementor-counter-number\" data-duration=\"2000\" data-to-value=\"60\" data-from-value=\"0\" data-delimiter=\".\">0<\/span>\n\t\t\t\t<span class=\"elementor-counter-number-suffix\"><\/span>\n\t\t\t<\/div>\n\t\t<\/div>\n\t\t\t\t\t\t<\/div>\n\t\t\t\t<\/div>\n\t\t\t\t<div class=\"elementor-element elementor-element-9bd93ed elementor-widget elementor-widget-text-editor\" data-id=\"9bd93ed\" data-element_type=\"widget\" data-widget_type=\"text-editor.default\">\n\t\t\t\t<div class=\"elementor-widget-container\">\n\t\t\t\t\t\t\t\t\tUn team completo e ben organizzato in divisioni specializzate: progettazione, vendita, produzione, assemblaggio e test, assistenza clienti e ricambi, che combina l&#8217;intelligenza e la flessibilit\u00e0 italiana con la perfetta organizzazione essenziale per giocare sui mercati globali.\n\n\t\t\t\t\t\t\t\t<\/div>\n\t\t\t\t<\/div>\n\t\t\t\t<\/div>\n\t\t<div class=\"elementor-element elementor-element-bfc64e8 e-con-full e-flex e-con e-child\" data-id=\"bfc64e8\" data-element_type=\"container\">\n\t\t\t\t<div class=\"elementor-element elementor-element-2d5bfde dce_masking-none elementor-widget elementor-widget-image\" data-id=\"2d5bfde\" data-element_type=\"widget\" data-widget_type=\"image.default\">\n\t\t\t\t<div class=\"elementor-widget-container\">\n\t\t\t\t\t\t\t\t\t\t\t\t\t\t\t<img loading=\"lazy\" decoding=\"async\" width=\"300\" height=\"300\" src=\"https:\/\/ocemflorence.com\/wp-content\/uploads\/2024\/11\/servizi-post-vendita.svg\" class=\"attachment-full size-full wp-image-1150\" alt=\"\" \/>\t\t\t\t\t\t\t\t\t\t\t\t\t\t\t<\/div>\n\t\t\t\t<\/div>\n\t\t\t\t<div class=\"elementor-element elementor-element-ca5e9eb elementor-widget elementor-widget-counter\" data-id=\"ca5e9eb\" data-element_type=\"widget\" data-widget_type=\"counter.default\">\n\t\t\t\t<div class=\"elementor-widget-container\">\n\t\t\t\t\t\t\t<div class=\"elementor-counter\">\n\t\t\t<div class=\"elementor-counter-title\">Servizi post-vendita<\/div>\t\t\t<div class=\"elementor-counter-number-wrapper\">\n\t\t\t\t<span class=\"elementor-counter-number-prefix\"><\/span>\n\t\t\t\t<span class=\"elementor-counter-number\" data-duration=\"2000\" data-to-value=\"25\" data-from-value=\"0\" data-delimiter=\",\">0<\/span>\n\t\t\t\t<span class=\"elementor-counter-number-suffix\">%<\/span>\n\t\t\t<\/div>\n\t\t<\/div>\n\t\t\t\t\t\t<\/div>\n\t\t\t\t<\/div>\n\t\t\t\t<div class=\"elementor-element elementor-element-ae858a9 elementor-widget elementor-widget-text-editor\" data-id=\"ae858a9\" data-element_type=\"widget\" data-widget_type=\"text-editor.default\">\n\t\t\t\t<div class=\"elementor-widget-container\">\n\t\t\t\t\t\t\t\t\tCirca il 25% del fatturato annuo di OCEM \u00e8 generato dalla vendita di parti di ricambio, componenti hardware, materiali di consumo e accessori, grazie alla qualit\u00e0, all&#8217;efficienza e alla competitivit\u00e0 del servizio post-vendita di OCEM e alla tempestivit\u00e0 delle consegne.\n\n\t\t\t\t\t\t\t\t<\/div>\n\t\t\t\t<\/div>\n\t\t\t\t<\/div>\n\t\t<div class=\"elementor-element elementor-element-7eabbd9 e-con-full e-flex e-con e-child\" data-id=\"7eabbd9\" data-element_type=\"container\">\n\t\t\t\t<div class=\"elementor-element elementor-element-2403868 dce_masking-none elementor-widget elementor-widget-image\" data-id=\"2403868\" data-element_type=\"widget\" data-widget_type=\"image.default\">\n\t\t\t\t<div class=\"elementor-widget-container\">\n\t\t\t\t\t\t\t\t\t\t\t\t\t\t\t<img loading=\"lazy\" decoding=\"async\" width=\"300\" height=\"300\" src=\"https:\/\/ocemflorence.com\/wp-content\/uploads\/2024\/11\/brevetti.svg\" class=\"attachment-full size-full wp-image-1149\" alt=\"\" \/>\t\t\t\t\t\t\t\t\t\t\t\t\t\t\t<\/div>\n\t\t\t\t<\/div>\n\t\t\t\t<div class=\"elementor-element elementor-element-1a1b908 elementor-widget elementor-widget-counter\" data-id=\"1a1b908\" data-element_type=\"widget\" data-widget_type=\"counter.default\">\n\t\t\t\t<div class=\"elementor-widget-container\">\n\t\t\t\t\t\t\t<div class=\"elementor-counter\">\n\t\t\t<div class=\"elementor-counter-title\">Brevetti<\/div>\t\t\t<div class=\"elementor-counter-number-wrapper\">\n\t\t\t\t<span class=\"elementor-counter-number-prefix\"><\/span>\n\t\t\t\t<span class=\"elementor-counter-number\" data-duration=\"2000\" data-to-value=\"12\" data-from-value=\"0\" data-delimiter=\",\">0<\/span>\n\t\t\t\t<span class=\"elementor-counter-number-suffix\"><\/span>\n\t\t\t<\/div>\n\t\t<\/div>\n\t\t\t\t\t\t<\/div>\n\t\t\t\t<\/div>\n\t\t\t\t<div class=\"elementor-element elementor-element-502086d elementor-widget elementor-widget-text-editor\" data-id=\"502086d\" data-element_type=\"widget\" data-widget_type=\"text-editor.default\">\n\t\t\t\t<div class=\"elementor-widget-container\">\n\t\t\t\t\t\t\t\t\tRicerca e sviluppo costanti per un miglioramento continuo, per essere al passo con i tempi e con la tecnologia.\t\t\t\t\t\t\t\t<\/div>\n\t\t\t\t<\/div>\n\t\t\t\t<\/div>\n\t\t<div class=\"elementor-element elementor-element-82271c8 e-con-full e-flex e-con e-child\" data-id=\"82271c8\" data-element_type=\"container\">\n\t\t\t\t<div class=\"elementor-element elementor-element-2f329e7 dce_masking-none elementor-widget elementor-widget-image\" data-id=\"2f329e7\" data-element_type=\"widget\" data-widget_type=\"image.default\">\n\t\t\t\t<div class=\"elementor-widget-container\">\n\t\t\t\t\t\t\t\t\t\t\t\t\t\t\t<img loading=\"lazy\" decoding=\"async\" width=\"300\" height=\"300\" src=\"https:\/\/ocemflorence.com\/wp-content\/uploads\/2024\/11\/esportazione.svg\" class=\"attachment-full size-full wp-image-1148\" alt=\"\" \/>\t\t\t\t\t\t\t\t\t\t\t\t\t\t\t<\/div>\n\t\t\t\t<\/div>\n\t\t\t\t<div class=\"elementor-element elementor-element-451c69d elementor-widget elementor-widget-counter\" data-id=\"451c69d\" data-element_type=\"widget\" data-widget_type=\"counter.default\">\n\t\t\t\t<div class=\"elementor-widget-container\">\n\t\t\t\t\t\t\t<div class=\"elementor-counter\">\n\t\t\t<div class=\"elementor-counter-title\">Esportazione<\/div>\t\t\t<div class=\"elementor-counter-number-wrapper\">\n\t\t\t\t<span class=\"elementor-counter-number-prefix\"><\/span>\n\t\t\t\t<span class=\"elementor-counter-number\" data-duration=\"2000\" data-to-value=\"95\" data-from-value=\"0\" data-delimiter=\",\">0<\/span>\n\t\t\t\t<span class=\"elementor-counter-number-suffix\">+ %<\/span>\n\t\t\t<\/div>\n\t\t<\/div>\n\t\t\t\t\t\t<\/div>\n\t\t\t\t<\/div>\n\t\t\t\t<div class=\"elementor-element elementor-element-c9c4ad4 elementor-widget elementor-widget-text-editor\" data-id=\"c9c4ad4\" data-element_type=\"widget\" data-widget_type=\"text-editor.default\">\n\t\t\t\t<div class=\"elementor-widget-container\">\n\t\t\t\t\t\t\t\t\tUna vera e propria azienda mondiale in grado di consegnare macchine in pi\u00f9 di 100 paesi diversi.\n\n\t\t\t\t\t\t\t\t<\/div>\n\t\t\t\t<\/div>\n\t\t\t\t<\/div>\n\t\t\t\t\t<\/div>\n\t\t\t\t<\/div>\n\t\t\t\t<\/div>\n\t\t","protected":false},"excerpt":{"rendered":"<p>Chi siamo Organizzazione, competenze e capacit\u00e0 di gestire progetti industriali complessi Qualit\u00e0 italiana, mercato globale Fornitori esperti e referenziati di impianti di produzione e presse complete per mattonelle in agglomerato di cemento Le presse e le tecnologie di finitura di OCEM sono presenti e operative in tutto il mondo presso i pi\u00f9 importanti clienti internazionali [&hellip;]<\/p>\n","protected":false},"author":1,"featured_media":0,"parent":0,"menu_order":0,"comment_status":"closed","ping_status":"closed","template":"","meta":{"_acf_changed":false,"inline_featured_image":false,"footnotes":""},"class_list":["post-4241","page","type-page","status-publish","hentry"],"acf":[],"_links":{"self":[{"href":"https:\/\/ocemflorence.com\/it\/wp-json\/wp\/v2\/pages\/4241","targetHints":{"allow":["GET"]}}],"collection":[{"href":"https:\/\/ocemflorence.com\/it\/wp-json\/wp\/v2\/pages"}],"about":[{"href":"https:\/\/ocemflorence.com\/it\/wp-json\/wp\/v2\/types\/page"}],"author":[{"embeddable":true,"href":"https:\/\/ocemflorence.com\/it\/wp-json\/wp\/v2\/users\/1"}],"replies":[{"embeddable":true,"href":"https:\/\/ocemflorence.com\/it\/wp-json\/wp\/v2\/comments?post=4241"}],"version-history":[{"count":20,"href":"https:\/\/ocemflorence.com\/it\/wp-json\/wp\/v2\/pages\/4241\/revisions"}],"predecessor-version":[{"id":5312,"href":"https:\/\/ocemflorence.com\/it\/wp-json\/wp\/v2\/pages\/4241\/revisions\/5312"}],"wp:attachment":[{"href":"https:\/\/ocemflorence.com\/it\/wp-json\/wp\/v2\/media?parent=4241"}],"curies":[{"name":"wp","href":"https:\/\/api.w.org\/{rel}","templated":true}]}}