{"id":4391,"date":"2025-01-24T12:04:29","date_gmt":"2025-01-24T11:04:29","guid":{"rendered":"https:\/\/ocemflorence.com\/ricambi-e-post-vendita\/"},"modified":"2025-05-21T14:19:34","modified_gmt":"2025-05-21T12:19:34","slug":"assistenza-post-vendita","status":"publish","type":"page","link":"https:\/\/ocemflorence.com\/it\/assistenza-post-vendita\/","title":{"rendered":"Ricambi e Post Vendita"},"content":{"rendered":"\t\t<div data-elementor-type=\"wp-page\" data-elementor-id=\"4391\" class=\"elementor elementor-4391 elementor-2603\" data-elementor-post-type=\"page\">\n\t\t\t\t<div data-dce-background-overlay-color=\"#00000099\" data-dce-background-image-url=\"http:\/\/ocemflorence.com\/wp-content\/uploads\/2025\/02\/header-ricambi.jpg\" class=\"elementor-element elementor-element-19f3b3f e-flex e-con-boxed e-con e-parent\" data-id=\"19f3b3f\" data-element_type=\"container\" data-settings=\"{&quot;background_background&quot;:&quot;classic&quot;}\">\n\t\t\t\t\t<div class=\"e-con-inner\">\n\t\t\t\t<div class=\"elementor-element elementor-element-676a581 elementor-widget__width-initial elementor-widget elementor-widget-heading\" data-id=\"676a581\" data-element_type=\"widget\" data-widget_type=\"heading.default\">\n\t\t\t\t<div class=\"elementor-widget-container\">\n\t\t\t\t\t<h1 class=\"elementor-heading-title elementor-size-default\">Ricambi e Post Vendita<\/h1>\t\t\t\t<\/div>\n\t\t\t\t<\/div>\n\t\t\t\t<div class=\"elementor-element elementor-element-3a67ae8 elementor-widget__width-initial elementor-widget-tablet__width-initial elementor-widget elementor-widget-heading\" data-id=\"3a67ae8\" data-element_type=\"widget\" data-widget_type=\"heading.default\">\n\t\t\t\t<div class=\"elementor-widget-container\">\n\t\t\t\t\t<p class=\"elementor-heading-title elementor-size-default\">Installazioni in tutto il mondo e una rete di assistenza in tempo reale<\/p>\t\t\t\t<\/div>\n\t\t\t\t<\/div>\n\t\t\t\t<div class=\"elementor-element elementor-element-68880e6 elementor-widget__width-initial elementor-widget-tablet__width-initial elementor-widget elementor-widget-heading\" data-id=\"68880e6\" data-element_type=\"widget\" data-widget_type=\"heading.default\">\n\t\t\t\t<div class=\"elementor-widget-container\">\n\t\t\t\t\t<p class=\"elementor-heading-title elementor-size-default\">grazie alla tecnologia TE.SE.O<\/p>\t\t\t\t<\/div>\n\t\t\t\t<\/div>\n\t\t\t\t\t<\/div>\n\t\t\t\t<\/div>\n\t\t<div class=\"elementor-element elementor-element-8e7ab78 e-flex e-con-boxed e-con e-parent\" data-id=\"8e7ab78\" data-element_type=\"container\">\n\t\t\t\t\t<div class=\"e-con-inner\">\n\t\t\t\t<div class=\"elementor-element elementor-element-3d193a0 elementor-widget-tablet__width-initial dce_masking-none elementor-widget elementor-widget-image\" data-id=\"3d193a0\" data-element_type=\"widget\" data-widget_type=\"image.default\">\n\t\t\t\t<div class=\"elementor-widget-container\">\n\t\t\t\t\t\t\t\t\t\t\t\t\t\t\t<img loading=\"lazy\" decoding=\"async\" width=\"1200\" height=\"900\" src=\"https:\/\/ocemflorence.com\/wp-content\/uploads\/2024\/11\/corporate-chi-siamo.jpg\" class=\"attachment-full size-full wp-image-1282\" alt=\"\" srcset=\"https:\/\/ocemflorence.com\/wp-content\/uploads\/2024\/11\/corporate-chi-siamo.jpg 1200w, https:\/\/ocemflorence.com\/wp-content\/uploads\/2024\/11\/corporate-chi-siamo-300x225.jpg 300w, https:\/\/ocemflorence.com\/wp-content\/uploads\/2024\/11\/corporate-chi-siamo-1024x768.jpg 1024w, https:\/\/ocemflorence.com\/wp-content\/uploads\/2024\/11\/corporate-chi-siamo-768x576.jpg 768w\" sizes=\"auto, (max-width: 1200px) 100vw, 1200px\" \/>\t\t\t\t\t\t\t\t\t\t\t\t\t\t\t<\/div>\n\t\t\t\t<\/div>\n\t\t<div class=\"elementor-element elementor-element-dcc0d4d e-con-full e-flex e-con e-child\" data-id=\"dcc0d4d\" data-element_type=\"container\">\n\t\t\t\t<div class=\"elementor-element elementor-element-ed16161 elementor-widget elementor-widget-heading\" data-id=\"ed16161\" data-element_type=\"widget\" data-widget_type=\"heading.default\">\n\t\t\t\t<div class=\"elementor-widget-container\">\n\t\t\t\t\t<p class=\"elementor-heading-title elementor-size-default\">Ricambi originali OCEM<\/p>\t\t\t\t<\/div>\n\t\t\t\t<\/div>\n\t\t\t\t<div class=\"elementor-element elementor-element-fec7159 elementor-widget elementor-widget-text-editor\" data-id=\"fec7159\" data-element_type=\"widget\" data-widget_type=\"text-editor.default\">\n\t\t\t\t<div class=\"elementor-widget-container\">\n\t\t\t\t\t\t\t\t\t<p>OCEM produce macchine automatiche da oltre 70 anni. La maggior parte di esse funziona ancora perfettamente. Questa longevit\u00e0 e durata delle macchine OCEM \u00e8 dovuta senza dubbio all&#8217;abilit\u00e0 e alla cura dei loro proprietari, ma anche all&#8217;efficienza del <strong>reparto ricambi OCEM<\/strong>, che segue tutti i clienti con tempestivit\u00e0 e precisione.<\/p><p>L&#8217;utilizzo di ricambi e parti di usura originali \u00e8 una garanzia di successo, in quanto limita i tempi di fermo macchina e le perdite di produzione.<br>Siamo in grado di fornire ricambi e parti di usura originali per tutte le nostre macchine, anche per quelle pi\u00f9 vecchie.<\/p><p>Puoi chiedere al nostro Reparto Ricambi un elenco di pezzi di ricambio consigliati in base alle tue macchine. Con queste parti di ricambio a magazzino potrai, in caso di necessit\u00e0, intervenire immediatamente e ridurre al minimo le perdite di produzione.<\/p>\t\t\t\t\t\t\t\t<\/div>\n\t\t\t\t<\/div>\n\t\t\t\t<\/div>\n\t\t\t\t\t<\/div>\n\t\t\t\t<\/div>\n\t\t<div class=\"elementor-element elementor-element-e1870de e-flex e-con-boxed e-con e-parent\" data-id=\"e1870de\" data-element_type=\"container\" data-settings=\"{&quot;enabled_visibility&quot;:&quot;yes&quot;,&quot;dce_visibility_selected&quot;:&quot;yes&quot;}\">\n\t\t\t\t\t<div class=\"e-con-inner\">\n\t\t\t\t<div class=\"elementor-element elementor-element-087903c elementor-widget elementor-widget-image-carousel\" data-id=\"087903c\" data-element_type=\"widget\" data-settings=\"{&quot;slides_to_show&quot;:&quot;4&quot;,&quot;slides_to_show_tablet&quot;:&quot;3&quot;,&quot;slides_to_show_mobile&quot;:&quot;2&quot;,&quot;slides_to_scroll&quot;:&quot;1&quot;,&quot;navigation&quot;:&quot;none&quot;,&quot;image_spacing_custom_mobile&quot;:{&quot;unit&quot;:&quot;px&quot;,&quot;size&quot;:12,&quot;sizes&quot;:[]},&quot;autoplay&quot;:&quot;yes&quot;,&quot;pause_on_hover&quot;:&quot;yes&quot;,&quot;pause_on_interaction&quot;:&quot;yes&quot;,&quot;autoplay_speed&quot;:5000,&quot;infinite&quot;:&quot;yes&quot;,&quot;speed&quot;:500,&quot;image_spacing_custom&quot;:{&quot;unit&quot;:&quot;px&quot;,&quot;size&quot;:20,&quot;sizes&quot;:[]},&quot;image_spacing_custom_tablet&quot;:{&quot;unit&quot;:&quot;px&quot;,&quot;size&quot;:&quot;&quot;,&quot;sizes&quot;:[]}}\" data-widget_type=\"image-carousel.default\">\n\t\t\t\t<div class=\"elementor-widget-container\">\n\t\t\t\t\t\t\t<div class=\"elementor-image-carousel-wrapper swiper\" role=\"region\" aria-roledescription=\"carousel\" aria-label=\"Carosello d&#039;immagini\" dir=\"ltr\">\n\t\t\t<div class=\"elementor-image-carousel swiper-wrapper\" aria-live=\"off\">\n\t\t\t\t\t\t\t\t<div class=\"swiper-slide\" role=\"group\" aria-roledescription=\"slide\" aria-label=\"1 di 4\"><figure class=\"swiper-slide-inner\"><img decoding=\"async\" class=\"swiper-slide-image\" src=\"https:\/\/ocemflorence.com\/wp-content\/uploads\/2025\/01\/ricambi-originali.jpg\" alt=\"ricambi-originali\" \/><\/figure><\/div><div class=\"swiper-slide\" role=\"group\" aria-roledescription=\"slide\" aria-label=\"2 di 4\"><figure class=\"swiper-slide-inner\"><img decoding=\"async\" class=\"swiper-slide-image\" src=\"https:\/\/ocemflorence.com\/wp-content\/uploads\/2025\/01\/Servizio-telai.jpg\" alt=\"Servizio-telai\" \/><\/figure><\/div><div class=\"swiper-slide\" role=\"group\" aria-roledescription=\"slide\" aria-label=\"3 di 4\"><figure class=\"swiper-slide-inner\"><img decoding=\"async\" class=\"swiper-slide-image\" src=\"https:\/\/ocemflorence.com\/wp-content\/uploads\/2025\/01\/ricambi-certificati-oem.jpg\" alt=\"ricambi-certificati-oem\" \/><\/figure><\/div><div class=\"swiper-slide\" role=\"group\" aria-roledescription=\"slide\" aria-label=\"4 di 4\"><figure class=\"swiper-slide-inner\"><img decoding=\"async\" class=\"swiper-slide-image\" src=\"https:\/\/ocemflorence.com\/wp-content\/uploads\/2025\/01\/ricambi-originali.jpg\" alt=\"ricambi-originali\" \/><\/figure><\/div>\t\t\t<\/div>\n\t\t\t\t\t\t\t\n\t\t\t\t\t\t\t\t\t<\/div>\n\t\t\t\t\t\t<\/div>\n\t\t\t\t<\/div>\n\t\t\t\t\t<\/div>\n\t\t\t\t<\/div>\n\t\t<div class=\"elementor-element elementor-element-1415ddb e-flex e-con-boxed e-con e-parent\" data-id=\"1415ddb\" data-element_type=\"container\">\n\t\t\t\t\t<div class=\"e-con-inner\">\n\t\t<div class=\"elementor-element elementor-element-ce2a91c e-con-full e-flex e-con e-child\" data-id=\"ce2a91c\" data-element_type=\"container\">\n\t\t\t\t<div class=\"elementor-element elementor-element-292ee7b elementor-widget elementor-widget-heading\" data-id=\"292ee7b\" data-element_type=\"widget\" data-widget_type=\"heading.default\">\n\t\t\t\t<div class=\"elementor-widget-container\">\n\t\t\t\t\t<p class=\"elementor-heading-title elementor-size-default\">Servizio post vendita<\/p>\t\t\t\t<\/div>\n\t\t\t\t<\/div>\n\t\t\t\t<div class=\"elementor-element elementor-element-b3fc72a elementor-widget elementor-widget-text-editor\" data-id=\"b3fc72a\" data-element_type=\"widget\" data-widget_type=\"text-editor.default\">\n\t\t\t\t<div class=\"elementor-widget-container\">\n\t\t\t\t\t\t\t\t\t<p>Talvolta i problemi di ordine tecnico posso apparire complessi. OCEM per\u00f2 ha pensato proprio di dedicare una divisione interna a tale servizio, in modo da mettere a disposizione un team tecnico specializzato a supporto dei clienti. Gli interventi tecnici possono essere effettuati telefonicamente o via web oppure, nei casi pi\u00f9 complessi, inviando direttamente un tecnico specializzato in tutto il mondo.<\/p><p>Inoltre tutte le macchine OCEM possono essere equipaggiate con TE.SE.O. (Tele Service OCEM) che permette di collegarti con il nostro team di Assistenza Post Vendita permettendoti di controllare la macchina e di aiutare in tempo reale i gestori dello stabilimento locale.<\/p><p>Indipendentemente dal Paese in cui ti trovi o dal tipo di problema che ha la tua macchina, OCEM \u00e8 in grado di offrire, in modo rapido ed efficiente, un servizio post vendita completo e professionale.<br> <br><\/p>\t\t\t\t\t\t\t\t<\/div>\n\t\t\t\t<\/div>\n\t\t\t\t<\/div>\n\t\t\t\t<div class=\"elementor-element elementor-element-3be47bf elementor-widget-tablet__width-initial e-transform dce_masking-none elementor-widget elementor-widget-image\" data-id=\"3be47bf\" data-element_type=\"widget\" data-settings=\"{&quot;_transform_translateX_effect_tablet&quot;:{&quot;unit&quot;:&quot;px&quot;,&quot;size&quot;:-140,&quot;sizes&quot;:[]},&quot;_transform_translateX_effect_mobile&quot;:{&quot;unit&quot;:&quot;px&quot;,&quot;size&quot;:0,&quot;sizes&quot;:[]},&quot;_transform_translateX_effect&quot;:{&quot;unit&quot;:&quot;px&quot;,&quot;size&quot;:&quot;&quot;,&quot;sizes&quot;:[]},&quot;_transform_translateY_effect&quot;:{&quot;unit&quot;:&quot;px&quot;,&quot;size&quot;:&quot;&quot;,&quot;sizes&quot;:[]},&quot;_transform_translateY_effect_tablet&quot;:{&quot;unit&quot;:&quot;px&quot;,&quot;size&quot;:&quot;&quot;,&quot;sizes&quot;:[]},&quot;_transform_translateY_effect_mobile&quot;:{&quot;unit&quot;:&quot;px&quot;,&quot;size&quot;:&quot;&quot;,&quot;sizes&quot;:[]}}\" data-widget_type=\"image.default\">\n\t\t\t\t<div class=\"elementor-widget-container\">\n\t\t\t\t\t\t\t\t\t\t\t\t\t\t\t<img loading=\"lazy\" decoding=\"async\" width=\"1200\" height=\"1200\" src=\"https:\/\/ocemflorence.com\/wp-content\/uploads\/2025\/04\/customer-care.svg\" class=\"attachment-full size-full wp-image-4945\" alt=\"\" \/>\t\t\t\t\t\t\t\t\t\t\t\t\t\t\t<\/div>\n\t\t\t\t<\/div>\n\t\t\t\t\t<\/div>\n\t\t\t\t<\/div>\n\t\t\t\t<\/div>\n\t\t","protected":false},"excerpt":{"rendered":"<p>Ricambi e Post Vendita Installazioni in tutto il mondo e una rete di assistenza in tempo reale grazie alla tecnologia TE.SE.O Ricambi originali OCEM OCEM produce macchine automatiche da oltre 70 anni. La maggior parte di esse funziona ancora perfettamente. Questa longevit\u00e0 e durata delle macchine OCEM \u00e8 dovuta senza dubbio all&#8217;abilit\u00e0 e alla cura [&hellip;]<\/p>\n","protected":false},"author":2,"featured_media":0,"parent":0,"menu_order":0,"comment_status":"closed","ping_status":"closed","template":"","meta":{"_acf_changed":false,"inline_featured_image":false,"footnotes":""},"class_list":["post-4391","page","type-page","status-publish","hentry"],"acf":[],"_links":{"self":[{"href":"https:\/\/ocemflorence.com\/it\/wp-json\/wp\/v2\/pages\/4391","targetHints":{"allow":["GET"]}}],"collection":[{"href":"https:\/\/ocemflorence.com\/it\/wp-json\/wp\/v2\/pages"}],"about":[{"href":"https:\/\/ocemflorence.com\/it\/wp-json\/wp\/v2\/types\/page"}],"author":[{"embeddable":true,"href":"https:\/\/ocemflorence.com\/it\/wp-json\/wp\/v2\/users\/2"}],"replies":[{"embeddable":true,"href":"https:\/\/ocemflorence.com\/it\/wp-json\/wp\/v2\/comments?post=4391"}],"version-history":[{"count":5,"href":"https:\/\/ocemflorence.com\/it\/wp-json\/wp\/v2\/pages\/4391\/revisions"}],"predecessor-version":[{"id":5322,"href":"https:\/\/ocemflorence.com\/it\/wp-json\/wp\/v2\/pages\/4391\/revisions\/5322"}],"wp:attachment":[{"href":"https:\/\/ocemflorence.com\/it\/wp-json\/wp\/v2\/media?parent=4391"}],"curies":[{"name":"wp","href":"https:\/\/api.w.org\/{rel}","templated":true}]}}